{"id":13,"date":"2021-05-21T16:31:30","date_gmt":"2021-05-21T16:31:30","guid":{"rendered":"https:\/\/anglopharma.pt\/wp\/?page_id=13"},"modified":"2021-06-11T15:45:58","modified_gmt":"2021-06-11T15:45:58","slug":"inicio","status":"publish","type":"page","link":"https:\/\/anglopharma.pt\/","title":{"rendered":"Instala\u00e7\u00f5es"},"content":{"rendered":"\n<p>-Sede:<br>Av. Infante Santo, n.\u00ba 21 \u2013 1.\u00ba esquerdo<br>1350-177 &#8211; Lisboa<\/p>\n\n\n\n<p>-Armaz\u00e9m:<br>Logista pharma<br>Ed.Logista, Exp.\u00c1rea Ind.do Passil, Lote, 1 A<br>Palhav\u00e3 &#8211; Alcochete<br>2890-011 Passil &#8211; Alcochete<\/p>\n\n\n\n<p><\/p>\n","protected":false},"excerpt":{"rendered":"<p>-Sede:Av. Infante Santo, n.\u00ba 21 \u2013 1.\u00ba esquerdo1350-177 &#8211; Lisboa -Armaz\u00e9m:Logista pharmaEd.Logista, Exp.\u00c1rea Ind.do Passil, Lote, 1 APalhav\u00e3 &#8211; Alcochete2890-011 Passil &#8211; Alcochete<\/p>\n","protected":false},"author":1,"featured_media":0,"parent":0,"menu_order":0,"comment_status":"closed","ping_status":"closed","template":"","meta":{"footnotes":""},"class_list":["post-13","page","type-page","status-publish","hentry"],"_links":{"self":[{"href":"https:\/\/anglopharma.pt\/index.php?rest_route=\/wp\/v2\/pages\/13","targetHints":{"allow":["GET"]}}],"collection":[{"href":"https:\/\/anglopharma.pt\/index.php?rest_route=\/wp\/v2\/pages"}],"about":[{"href":"https:\/\/anglopharma.pt\/index.php?rest_route=\/wp\/v2\/types\/page"}],"author":[{"embeddable":true,"href":"https:\/\/anglopharma.pt\/index.php?rest_route=\/wp\/v2\/users\/1"}],"replies":[{"embeddable":true,"href":"https:\/\/anglopharma.pt\/index.php?rest_route=%2Fwp%2Fv2%2Fcomments&post=13"}],"version-history":[{"count":3,"href":"https:\/\/anglopharma.pt\/index.php?rest_route=\/wp\/v2\/pages\/13\/revisions"}],"predecessor-version":[{"id":78,"href":"https:\/\/anglopharma.pt\/index.php?rest_route=\/wp\/v2\/pages\/13\/revisions\/78"}],"wp:attachment":[{"href":"https:\/\/anglopharma.pt\/index.php?rest_route=%2Fwp%2Fv2%2Fmedia&parent=13"}],"curies":[{"name":"wp","href":"https:\/\/api.w.org\/{rel}","templated":true}]}}